{"id":1589,"date":"2024-09-05T11:34:43","date_gmt":"2024-09-05T11:34:43","guid":{"rendered":"https:\/\/seelischegesundheit-regensburg.de\/?page_id=1589"},"modified":"2024-09-26T19:50:06","modified_gmt":"2024-09-26T19:50:06","slug":"hsn","status":"publish","type":"page","link":"https:\/\/seelischegesundheit-regensburg.de\/?page_id=1589","title":{"rendered":"Helfen in seelischer Not"},"content":{"rendered":"\n<h2 class=\"wp-block-heading\"><\/h2>\n\n\n\n<p>Kurse in Regensburg im Oktober 2024 rund um den Welttag seelischer Gesundheit <\/p>\n\n\n\n<p><strong>Wie geht eigentlich die psychische stabile Seitenlage?<\/strong><\/p>\n\n\n\n<div style=\"height:63px\" aria-hidden=\"true\" class=\"wp-block-spacer\"><\/div>\n\n\n\n<figure class=\"wp-block-gallery has-nested-images columns-default is-cropped wp-block-gallery-1 is-layout-flex wp-block-gallery-is-layout-flex\">\n<figure class=\"wp-block-image size-large\"><img loading=\"lazy\" decoding=\"async\" width=\"300\" height=\"178\" data-id=\"1597\" src=\"https:\/\/seelischegesundheit-regensburg.de\/wp-content\/uploads\/2024\/09\/csm_HSN_Erste_Hilfe_Kurs_Logo_68e0cc0db7.png\" alt=\"\" class=\"wp-image-1597\"\/><\/figure>\n<\/figure>\n\n\n\n<div style=\"height:100px\" aria-hidden=\"true\" class=\"wp-block-spacer\"><\/div>\n\n\n\n<h2 class=\"wp-block-heading\">Ein HSN Kurs &#8211; Was ist das \u00fcberhaupt?<\/h2>\n\n\n\n<p>HSN ist ein Erste-Hilfe-Programm f\u00fcr psychisch-emotionale Notfallsituationen &#8211; \u00e4hnlich wie medizinische Erste-Hilfe-Kurse. Es vermittelt Ersthelfenden eine konkrete HSN-Handlungskette:<br>\u201eHinschauen \u2013 Sprechen \u2013 Netzwerken\u201c,<br>um Sicherheit und Selbstvertrauen im Umgang mit<br>Betroffenen zu st\u00e4rken. Das Thema \u201ePsychische Belastungen und seelische Krisen\u201c ist wichtig und aktuell. Seelische N\u00f6te k\u00f6nnen ganz unterschiedlich aussehen:<br>Hilflosigkeit, \u00dcberforderung, Einsamkeit, S\u00fcchte, Aggressionen,<br>Gewalt, Verzweiflung, Sinnsuche, Tod &amp; Verlust,<br>\u00c4ngste, Depressionen, Suizidalit\u00e4t usw.<br><\/p>\n\n\n\n<p>Wenn Menschen in unserem Umfeld (z.B. am Arbeitsplatz, im<br>Bekannten- oder Familienkreis) leiden, entstehen oft<br>Unsicherheit und Hilflosigkeit. Ein praxisnaher Austausch und erfahrungsorientierte \u00dcbungen unterst\u00fctzen die Erarbeitung konkreter Hilfsangebote. Eine digitale Lernplattform bietet zus\u00e4tzlich vertiefende<br>Lerninhalte.<br><\/p>\n\n\n\n<p>Weitere Informationen finden Sie unter<br><a href=\"http:\/\/www.hsn-kurse.de\" data-type=\"link\" data-id=\"www.hsn-kurse.de\" target=\"_blank\" rel=\"noreferrer noopener\">www.hsn-kurse.de<\/a><\/p>\n\n\n\n<p>Alle Termine finden Sie in unserem <a href=\"https:\/\/seelischegesundheit-regensburg.de\/?tribe_events=hsn-helfen-in-seelischer-not\" target=\"_blank\" rel=\"noreferrer noopener\">Kalender<\/a>.<\/p>\n\n\n\n<figure class=\"wp-block-image\"><img loading=\"lazy\" decoding=\"async\" width=\"513\" height=\"1024\" src=\"https:\/\/seelischegesundheit-regensburg.de\/wp-content\/uploads\/2024\/09\/0001-513x1024.png\" alt=\"\" class=\"wp-image-1678\" srcset=\"https:\/\/seelischegesundheit-regensburg.de\/wp-content\/uploads\/2024\/09\/0001-513x1024.png 513w, https:\/\/seelischegesundheit-regensburg.de\/wp-content\/uploads\/2024\/09\/0001-150x300.png 150w, https:\/\/seelischegesundheit-regensburg.de\/wp-content\/uploads\/2024\/09\/0001.png 624w\" sizes=\"auto, (max-width: 513px) 100vw, 513px\" \/><\/figure>\n\n\n\n<figure class=\"wp-block-image size-large is-resized\"><img loading=\"lazy\" decoding=\"async\" width=\"513\" height=\"1024\" src=\"https:\/\/seelischegesundheit-regensburg.de\/wp-content\/uploads\/2024\/09\/0002-513x1024.png\" alt=\"\" class=\"wp-image-1679\" style=\"width:620px;height:auto\" srcset=\"https:\/\/seelischegesundheit-regensburg.de\/wp-content\/uploads\/2024\/09\/0002-513x1024.png 513w, https:\/\/seelischegesundheit-regensburg.de\/wp-content\/uploads\/2024\/09\/0002-150x300.png 150w, https:\/\/seelischegesundheit-regensburg.de\/wp-content\/uploads\/2024\/09\/0002.png 624w\" sizes=\"auto, (max-width: 513px) 100vw, 513px\" \/><\/figure>\n\n\n\n<figure class=\"wp-block-image size-large is-resized\"><img loading=\"lazy\" decoding=\"async\" width=\"513\" height=\"1024\" src=\"https:\/\/seelischegesundheit-regensburg.de\/wp-content\/uploads\/2024\/09\/0003-513x1024.png\" alt=\"\" class=\"wp-image-1680\" style=\"width:621px;height:auto\" srcset=\"https:\/\/seelischegesundheit-regensburg.de\/wp-content\/uploads\/2024\/09\/0003-513x1024.png 513w, https:\/\/seelischegesundheit-regensburg.de\/wp-content\/uploads\/2024\/09\/0003-150x300.png 150w, https:\/\/seelischegesundheit-regensburg.de\/wp-content\/uploads\/2024\/09\/0003.png 624w\" sizes=\"auto, (max-width: 513px) 100vw, 513px\" \/><\/figure>\n\n\n\n<figure class=\"wp-block-image size-large is-resized\"><img loading=\"lazy\" decoding=\"async\" width=\"513\" height=\"1024\" src=\"https:\/\/seelischegesundheit-regensburg.de\/wp-content\/uploads\/2024\/09\/0004-513x1024.png\" alt=\"\" class=\"wp-image-1681\" style=\"width:617px;height:auto\" srcset=\"https:\/\/seelischegesundheit-regensburg.de\/wp-content\/uploads\/2024\/09\/0004-513x1024.png 513w, https:\/\/seelischegesundheit-regensburg.de\/wp-content\/uploads\/2024\/09\/0004-150x300.png 150w, https:\/\/seelischegesundheit-regensburg.de\/wp-content\/uploads\/2024\/09\/0004.png 624w\" sizes=\"auto, (max-width: 513px) 100vw, 513px\" \/><\/figure>\n","protected":false},"excerpt":{"rendered":"<p>Kurse in Regensburg im Oktober 2024 rund um den Welttag seelischer Gesundheit Wie geht eigentlich die psychische stabile Seitenlage? Ein HSN Kurs &#8211; Was ist das \u00fcberhaupt? HSN ist ein<a class=\"more-link\" href=\"https:\/\/seelischegesundheit-regensburg.de\/?page_id=1589\"><span class=\"screen-reader-text\">&#8222;Helfen in seelischer Not&#8220;<\/span> weiterlesen<\/a><\/p>\n","protected":false},"author":1,"featured_media":0,"parent":0,"menu_order":5,"comment_status":"closed","ping_status":"closed","template":"","meta":{"footnotes":""},"class_list":["post-1589","page","type-page","status-publish","hentry","entry"],"_links":{"self":[{"href":"https:\/\/seelischegesundheit-regensburg.de\/index.php?rest_route=\/wp\/v2\/pages\/1589","targetHints":{"allow":["GET"]}}],"collection":[{"href":"https:\/\/seelischegesundheit-regensburg.de\/index.php?rest_route=\/wp\/v2\/pages"}],"about":[{"href":"https:\/\/seelischegesundheit-regensburg.de\/index.php?rest_route=\/wp\/v2\/types\/page"}],"author":[{"embeddable":true,"href":"https:\/\/seelischegesundheit-regensburg.de\/index.php?rest_route=\/wp\/v2\/users\/1"}],"replies":[{"embeddable":true,"href":"https:\/\/seelischegesundheit-regensburg.de\/index.php?rest_route=%2Fwp%2Fv2%2Fcomments&post=1589"}],"version-history":[{"count":9,"href":"https:\/\/seelischegesundheit-regensburg.de\/index.php?rest_route=\/wp\/v2\/pages\/1589\/revisions"}],"predecessor-version":[{"id":1682,"href":"https:\/\/seelischegesundheit-regensburg.de\/index.php?rest_route=\/wp\/v2\/pages\/1589\/revisions\/1682"}],"wp:attachment":[{"href":"https:\/\/seelischegesundheit-regensburg.de\/index.php?rest_route=%2Fwp%2Fv2%2Fmedia&parent=1589"}],"curies":[{"name":"wp","href":"https:\/\/api.w.org\/{rel}","templated":true}]}}